{"id":35,"date":"2021-04-05T03:25:52","date_gmt":"2021-04-05T03:25:52","guid":{"rendered":"https:\/\/shtheme.org\/demosd\/arcprime\/?page_id=35"},"modified":"2025-04-10T15:46:29","modified_gmt":"2025-04-10T15:46:29","slug":"contact","status":"publish","type":"page","link":"https:\/\/viva-expo.com\/%e4%b8%ad%e6%96%87\/contact\/","title":{"rendered":"\u8054\u7cfb"},"content":{"rendered":"<div data-elementor-type=\"wp-page\" data-elementor-id=\"35\" class=\"elementor elementor-35\" data-elementor-post-type=\"page\">\n\t\t\t\t<div class=\"elementor-element elementor-element-76a76c0 e-con-full e-flex e-con e-parent\" data-id=\"76a76c0\" data-element_type=\"container\">\n\t\t<div class=\"elementor-element elementor-element-0a5e7f8 e-con-full e-flex e-con e-child\" data-id=\"0a5e7f8\" data-element_type=\"container\">\n\t\t\t\t<div class=\"elementor-element elementor-element-fe6afb0 elementor-align-left elementor-widget elementor-widget-bdevs-banner\" data-id=\"fe6afb0\" data-element_type=\"widget\" data-widget_type=\"bdevs-banner.default\">\n\t\t\t\t<div class=\"elementor-widget-container\">\n\t\t\t\t\t\t\t<!-- Banner Title -->\n\t    <div class=\"ready banner-padding bg-img\" data-overlay-dark=\"0\" data-background=\"https:\/\/viva-expo.com\/wp-content\/uploads\/2025\/04\/12-1-e1744295019566.jpg\">\n\t        <div class=\"container\">\n\t            <div class=\"row\">\n\t                <div class=\"col-md-12\">\n\t                    <div class=\"text-center\">\n\t                        <div class=\"title animate-box\" data-animate-effect=\"fadeInUp\">\n\t                            <h1>\u8054\u7cfb\u6211\u4eec<\/h1>\n\t                        <\/div>\n\t                    <\/div>\n\t                <\/div>\n\t            <\/div>\n\t        <\/div>\n\t    <\/div>\n\t\t\t\t\t<\/div>\n\t\t\t\t<\/div>\n\t\t\t\t<\/div>\n\t\t\t\t<\/div>\n\t\t<div class=\"elementor-element elementor-element-8f1b16f e-con-full e-flex e-con e-parent\" data-id=\"8f1b16f\" data-element_type=\"container\">\n\t\t<div class=\"elementor-element elementor-element-f191930 e-con-full e-flex e-con e-child\" data-id=\"f191930\" data-element_type=\"container\">\n\t\t\t\t<div class=\"elementor-element elementor-element-c603057 elementor-align-left elementor-widget elementor-widget-bdevs-contact\" data-id=\"c603057\" data-element_type=\"widget\" data-widget_type=\"bdevs-contact.default\">\n\t\t\t\t<div class=\"elementor-widget-container\">\n\t\t\t\t\t\t\t<div class=\"section-padding\">\r\n\t        <div class=\"container\">\r\n\t            <div class=\"row\">\r\n\t                <div class=\"col-md-4 mb-30 animate-box\" data-animate-effect=\"fadeInLeft\">\r\n\t                    \t                    <span>\u8054\u7cfb\u6211\u4eec<\/span>\r\n\t                \t\t                    \t                    <h2>\u5982\u6709\u5408\u4f5c\u610f\u5411\u6216\u4efb\u4f55\u7591\u95ee\uff0c\u656c\u8bf7\u968f\u65f6\u5782\u8be2\uff01<\/h2>\r\n\t                    \t                <\/div>\r\n\t            <\/div>\r\n\t            <div class=\"row\">\r\n\t                <div class=\"col-md-12\">\r\n\t                    <div class=\"row mb-60\">\r\n\t                        <div class=\"col-md-2\"> <span class=\"line-one\"><\/span> <\/div>\r\n\t                        <div class=\"col-md-4 mb-30\">\r\n\t                            <p>\u8bf7\u586b\u5199\u4e0b\u65b9\u8868\u683c\uff0c\u6216\u53d1\u9001\u8be6\u7ec6\u9700\u6c42\u81f3\u90ae\u7bb1\uff1acontact@viva-expo.com \uff08\u8bf7\u9644\u8be6\u7ec6\u9700\u6c42\uff09<\/p><p><b>\u7535\u8bdd\uff1a<\/b> +33(0)9 51 51 05 24<\/p><p><b>\u90ae\u7bb1\uff1a<\/b> contact@viva-expo.com<\/p><p><b>\u5730\u5740\uff1a<\/b> 277, Rue de la belle \u00e9toile 95700 Roissy en France<\/p>\t                        <\/div>\r\n\t                        <div class=\"col-md-5 offset-md-1\">\r\n\t                            <h6>\u6b22\u8fce\u54a8\u8be2\uff1a<\/h6>\r\n\t                            \n<div class=\"wpcf7 no-js\" id=\"wpcf7-f5-o1\" lang=\"en-US\" dir=\"ltr\" data-wpcf7-id=\"5\">\n<div class=\"screen-reader-response\"><p role=\"status\" aria-live=\"polite\" aria-atomic=\"true\"><\/p> <ul><\/ul><\/div>\n<form action=\"\/%e4%b8%ad%e6%96%87\/wp-json\/wp\/v2\/pages\/35#wpcf7-f5-o1\" method=\"post\" class=\"wpcf7-form init\" aria-label=\"Contact form\" novalidate=\"novalidate\" data-status=\"init\" data-trp-original-action=\"\/%e4%b8%ad%e6%96%87\/wp-json\/wp\/v2\/pages\/35#wpcf7-f5-o1\">\n<div style=\"display: none;\">\n<input type=\"hidden\" name=\"_wpcf7\" value=\"5\" \/>\n<input type=\"hidden\" name=\"_wpcf7_version\" value=\"6.0.5\" \/>\n<input type=\"hidden\" name=\"_wpcf7_locale\" value=\"en_US\" \/>\n<input type=\"hidden\" name=\"_wpcf7_unit_tag\" value=\"wpcf7-f5-o1\" \/>\n<input type=\"hidden\" name=\"_wpcf7_container_post\" value=\"0\" \/>\n<input type=\"hidden\" name=\"_wpcf7_posted_data_hash\" value=\"\" \/>\n<\/div>\n<div method=\"post\" class=\"row\">\n\t<div class=\"col-md-6\">\n\t\t<p><span class=\"wpcf7-form-control-wrap\" data-name=\"name\"><input size=\"40\" maxlength=\"400\" class=\"wpcf7-form-control wpcf7-text wpcf7-validates-as-required\" aria-required=\"true\" aria-invalid=\"false\" placeholder=\"\u59d3\u540d\uff1a\" value=\"\" type=\"text\" name=\"name\" \/><\/span>\n\t\t<\/p>\n\t<\/div>\n\t<div class=\"col-md-6\">\n\t\t<p><span class=\"wpcf7-form-control-wrap\" data-name=\"email\"><input size=\"40\" maxlength=\"400\" class=\"wpcf7-form-control wpcf7-email wpcf7-validates-as-required wpcf7-text wpcf7-validates-as-email\" id=\"email\" aria-required=\"true\" aria-invalid=\"false\" placeholder=\"\u90ae\u7bb1\uff1a\" value=\"\" type=\"email\" name=\"email\" \/><\/span>\n\t\t<\/p>\n\t<\/div>\n\t<div class=\"col-md-12\">\n\t\t<p><span class=\"wpcf7-form-control-wrap\" data-name=\"message\"><textarea cols=\"40\" rows=\"4\" maxlength=\"2000\" class=\"wpcf7-form-control wpcf7-textarea wpcf7-validates-as-required\" id=\"message\" aria-required=\"true\" aria-invalid=\"false\" placeholder=\"Message\" name=\"message\"><\/textarea><\/span>\n\t\t<\/p>\n\t<\/div>\n\t<div class=\"col-md-12\">\n\t\t<p><input class=\"wpcf7-form-control wpcf7-submit has-spinner arcprime-btn\" type=\"submit\" value=\"\u53d1\u9001\" \/>\n\t\t<\/p>\n\t<\/div>\n<\/div><div class=\"wpcf7-response-output\" aria-hidden=\"true\"><\/div>\n<input type=\"hidden\" name=\"trp-form-language\" value=\"%e4%b8%ad%e6%96%87\"\/><\/form>\n<\/div>\n\t                        <\/div>\r\n\t                    <\/div>\r\n\t                <\/div>\r\n\t            <\/div>\r\n\t        <\/div>\r\n\t    <\/div>\r\n\t\t\t\t\t<\/div>\n\t\t\t\t<\/div>\n\t\t\t\t<\/div>\n\t\t\t\t<\/div>\n\t\t<div class=\"elementor-element elementor-element-6d2776b e-con-full animated-slow e-flex elementor-invisible e-con e-parent\" data-id=\"6d2776b\" data-element_type=\"container\" data-settings=\"{&quot;animation&quot;:&quot;fadeInUp&quot;}\">\n\t\t<div class=\"elementor-element elementor-element-23c85f1 e-con-full e-flex e-con e-child\" data-id=\"23c85f1\" data-element_type=\"container\">\n\t\t\t\t<div class=\"elementor-element elementor-element-9a1c31a elementor-widget elementor-widget-google_maps\" data-id=\"9a1c31a\" data-element_type=\"widget\" data-widget_type=\"google_maps.default\">\n\t\t\t\t<div class=\"elementor-widget-container\">\n\t\t\t\t\t\t\t<div class=\"elementor-custom-embed\">\n\t\t\t<iframe loading=\"lazy\"\n\t\t\t\t\tsrc=\"https:\/\/maps.google.com\/maps?q=277%2C%20Rue%20de%20la%20belle%20%C3%A9toile%2095700%20Roissy%20en%20France&#038;t=m&#038;z=10&#038;output=embed&#038;iwloc=near\"\n\t\t\t\t\ttitle=\"277, Rue de la belle \u00e9toile 95700 Roissy en France\"\n\t\t\t\t\taria-label=\"277, Rue de la belle \u00e9toile 95700 Roissy en France\"\n\t\t\t><\/iframe>\n\t\t<\/div>\n\t\t\t\t\t\t<\/div>\n\t\t\t\t<\/div>\n\t\t\t\t<\/div>\n\t\t\t\t<\/div>\n\t\t\t\t<\/div>","protected":false},"excerpt":{"rendered":"<p>Contactez-Nous contactez-nous Une question, un projet ? N&rsquo;h\u00e9sitez pas \u00e0 nous contacter Veuillez remplir le formulaire ci-dessous ou envoyer une note directement avec le plus de d\u00e9tails possible \u00e0 contact@viva-expo.comT\u00e9l : +33(0)9 51 51 05 24E-Mail : contact@viva-expo.comAddress : 277, Rue de la belle \u00e9toile 95700 Roissy en France Envoyez-nous un message !<\/p>","protected":false},"author":1,"featured_media":0,"parent":0,"menu_order":0,"comment_status":"closed","ping_status":"closed","template":"page-templates\/home-light.php","meta":{"inline_featured_image":false,"_monsterinsights_skip_tracking":false,"_monsterinsights_sitenote_active":false,"_monsterinsights_sitenote_note":"","_monsterinsights_sitenote_category":0,"footnotes":""},"class_list":["post-35","page","type-page","status-publish","hentry"],"_links":{"self":[{"href":"https:\/\/viva-expo.com\/%e4%b8%ad%e6%96%87\/wp-json\/wp\/v2\/pages\/35","targetHints":{"allow":["GET"]}}],"collection":[{"href":"https:\/\/viva-expo.com\/%e4%b8%ad%e6%96%87\/wp-json\/wp\/v2\/pages"}],"about":[{"href":"https:\/\/viva-expo.com\/%e4%b8%ad%e6%96%87\/wp-json\/wp\/v2\/types\/page"}],"author":[{"embeddable":true,"href":"https:\/\/viva-expo.com\/%e4%b8%ad%e6%96%87\/wp-json\/wp\/v2\/users\/1"}],"replies":[{"embeddable":true,"href":"https:\/\/viva-expo.com\/%e4%b8%ad%e6%96%87\/wp-json\/wp\/v2\/comments?post=35"}],"version-history":[{"count":63,"href":"https:\/\/viva-expo.com\/%e4%b8%ad%e6%96%87\/wp-json\/wp\/v2\/pages\/35\/revisions"}],"predecessor-version":[{"id":3656,"href":"https:\/\/viva-expo.com\/%e4%b8%ad%e6%96%87\/wp-json\/wp\/v2\/pages\/35\/revisions\/3656"}],"wp:attachment":[{"href":"https:\/\/viva-expo.com\/%e4%b8%ad%e6%96%87\/wp-json\/wp\/v2\/media?parent=35"}],"curies":[{"name":"wp","href":"https:\/\/api.w.org\/{rel}","templated":true}]}}