{"id":37,"date":"2021-04-05T03:48:30","date_gmt":"2021-04-05T03:48:30","guid":{"rendered":"https:\/\/shtheme.org\/demosd\/arcprime\/?page_id=37"},"modified":"2025-05-05T07:23:12","modified_gmt":"2025-05-05T07:23:12","slug":"services","status":"publish","type":"page","link":"https:\/\/viva-expo.com\/%e4%b8%ad%e6%96%87\/services\/","title":{"rendered":"\u670d\u52a1"},"content":{"rendered":"<div data-elementor-type=\"wp-page\" data-elementor-id=\"37\" class=\"elementor elementor-37\" data-elementor-post-type=\"page\">\n\t\t\t\t<div class=\"elementor-element elementor-element-d1ffde4 e-con-full e-flex e-con e-parent\" data-id=\"d1ffde4\" data-element_type=\"container\">\n\t\t<div class=\"elementor-element elementor-element-b846af3 e-con-full e-flex e-con e-child\" data-id=\"b846af3\" data-element_type=\"container\">\n\t\t\t\t<div class=\"elementor-element elementor-element-72a1ea3 elementor-align-left elementor-widget elementor-widget-bdevs-banner\" data-id=\"72a1ea3\" data-element_type=\"widget\" data-widget_type=\"bdevs-banner.default\">\n\t\t\t\t<div class=\"elementor-widget-container\">\n\t\t\t\t\t\t\t<!-- Banner Title -->\n\t    <div class=\"ready banner-padding bg-img\" data-overlay-dark=\"0\" data-background=\"https:\/\/viva-expo.com\/wp-content\/uploads\/2025\/04\/12-1-e1744295019566.jpg\">\n\t        <div class=\"container\">\n\t            <div class=\"row\">\n\t                <div class=\"col-md-12\">\n\t                    <div class=\"text-center\">\n\t                        <div class=\"title animate-box\" data-animate-effect=\"fadeInUp\">\n\t                            <h1>\u670d\u52a1<\/h1>\n\t                        <\/div>\n\t                    <\/div>\n\t                <\/div>\n\t            <\/div>\n\t        <\/div>\n\t    <\/div>\n\t\t\t\t\t<\/div>\n\t\t\t\t<\/div>\n\t\t\t\t<\/div>\n\t\t\t\t<\/div>\n\t\t<div class=\"elementor-element elementor-element-a23f0cd e-con-full e-flex e-con e-parent\" data-id=\"a23f0cd\" data-element_type=\"container\">\n\t\t<div class=\"elementor-element elementor-element-d38ccc0 e-con-full e-flex e-con e-child\" data-id=\"d38ccc0\" data-element_type=\"container\">\n\t\t\t\t<div class=\"elementor-element elementor-element-e5a8812 elementor-align-left elementor-widget elementor-widget-bdevs-services\" data-id=\"e5a8812\" data-element_type=\"widget\" data-widget_type=\"bdevs-services.default\">\n\t\t\t\t<div class=\"elementor-widget-container\">\n\t\t\t\t\t\t\t<!-- Services -->\r\n\t    <div class=\"section-padding arcprime-services\">\r\n\t        <div class=\"container\">\r\n\t            <div class=\"row\">\r\n\t                <div class=\"col-md-4 mb-30 animate-box\" data-animate-effect=\"fadeInLeft\"> \r\n\t                \t\t                    <span>\u54c1\u724c\u89e6\u70b9\u77e9\u9635 | \u5168\u9762\u751f\u6001\u670d\u52a1\u94fe<\/span>\r\n\t                \t\t                    \t                    <h2>\u5168\u65b9\u4f4d\u3001\u56fd\u9645\u5316\u3001\u9ad8\u54c1\u8d28\u3001\u9ad8\u6548\u7387\u7684\u4e00\u7ad9\u5f0f\u4e13\u4e1a\u670d\u52a1<\/h2>\r\n\t                    \t                <\/div>\r\n\t            <\/div>\r\n\t            \t            <div class=\"row\">\r\n\t                <div class=\"col-md-12\">\r\n\t                    <div class=\"row\">\r\n\t                        <div class=\"col-md-2 animate-box\" data-animate-effect=\"fadeInLeft\"> <span class=\"line-one\"><\/span> <\/div>\r\n\t                        <div class=\"col-md-7 mb-30 animate-box\" data-animate-effect=\"fadeInLeft\">\r\n\t                            <p><strong> \u4ece\u6784\u60f3\u5230\u5b9e\u73b0\uff0c\u6211\u4eec\u4e3a\u60a8\u63d0\u4f9b\u5168\u6d41\u7a0b\u3001\u503c\u5f97\u4fe1\u8d56\u7684\u751f\u6001\u670d\u52a1\u94fe\u89e3\u51b3\u65b9\u6848\u3002<\/strong><\/p><p class=\"\" style=\"text-align: left\" data-start=\"25\" data-end=\"417\">\u4f5c\u4e3a\u4e13\u4e1a\u4f1a\u5c55\u670d\u52a1\u5546\uff0c\u6211\u4eec\u63d0\u4f9b\u4ece\u521b\u610f\u8bbe\u8ba1\u5230\u5b8c\u7f8e\u843d\u5730\u7684\u5168\u5468\u671f\u670d\u52a1\u89e3\u51b3\u65b9\u6848\u3002\u6db5\u76d6\u5c55\u53f0\u8bbe\u8ba1\u4e0e\u5236\u4f5c\u3001\u7269\u6d41\u8fd0\u8f93\u3001\u6807\u51c6\u5316\u73b0\u573a\u642d\u5efa\u3001\u9ad8\u6548\u64a4\u5c55\u7ba1\u7406\u3001\u5168\u6d41\u7a0b\u6d3b\u52a8\u6267\u884c\u3001\u6574\u5408\u8425\u9500\u4f20\u64ad\u53ca\u667a\u80fd\u4ed3\u50a8\u7ba1\u7406\u7b49\u5b8c\u6574\u670d\u52a1\u94fe\u3002\u575a\u6301\u6bcf\u4e2a\u9879\u76ee\u6df1\u5ea6\u5b9a\u5236\uff0c\u4ee5\u4e13\u4e1a\u56e2\u961f\u786e\u4fdd\u60a8\u7684\u6bcf\u4e00\u6b21\u4eae\u76f8\u90fd\u5c3d\u5584\u5c3d\u7f8e\u3002<\/p><p style=\"text-align: left\" class=\"translation-block\">\u62e5\u67098\u5e74\u884c\u4e1a\u7ecf\u9a8c\uff0c\u51ed\u501f\u5bf9\u5353\u8d8a\u54c1\u8d28\u7684\u4e0d\u61c8\u8ffd\u6c42\uff0c\u6211\u4eec\u5df2\u6210\u4e3a\u4f17\u591a\u56fd\u9645\u54c1\u724c\u503c\u5f97\u4fe1\u8d56\u7684\u5408\u4f5c\u4f19\u4f34\u3002\n\u4ece\u521b\u610f\u6784\u601d\u5230\u7cbe\u5f69\u5448\u73b0\uff0c\u6211\u4eec\u4ee5\u7cfb\u7edf\u5316\u7684\u4e13\u4e1a\u670d\u52a1\uff0c\u786e\u4fdd\u6bcf\u4e00\u4e2a\u9879\u76ee\u90fd\u582a\u79f0\u884c\u4e1a\u6807\u6746\u3002\n\u9009\u62e9\u6211\u4eec\uff0c\u5c31\u662f\u9009\u62e9\u7701\u5fc3\u3001\u9ad8\u6548\u4e0e\u5353\u8d8a\u54c1\u8d28\u3002<\/p><p style=\"text-align: left\" class=\"translation-block\">\u4f9d\u6258\u6211\u4eec\u56fd\u9645\u6c34\u51c6\u7684\u4e00\u7ad9\u5f0f\u6d3b\u52a8\u670d\u52a1\uff0c\u60a8\u5c06\u83b7\u5f97\u9ad8\u54c1\u8d28\u3001\u5b9a\u5236\u5316\u4e14\u4ef7\u683c\u5408\u7406\u7684\u5c55\u53f0\u89e3\u51b3\u65b9\u6848\uff0c\u6211\u4eec\u4e3a\u60a8\u5168\u7a0b\u62a4\u822a\uff0c\u52a9\u529b\u6bcf\u4e00\u6b21\u5c55\u793a\u90fd\u7cbe\u51c6\u3001\u9ad8\u6548\u3001\u5353\u8d8a\u3002<\/p>\t                        <\/div>\r\n\t                    <\/div>\r\n\t                <\/div>\r\n\t            <\/div>\r\n\t            \t            <div class=\"row\">\r\n\t            \t \r\n\t\t\t\t\t\t                <div class=\"col-md-4 mb-30\">\r\n\t                    <div class=\"item animate-box\" data-animate-effect=\"fadeInLeft\"> \r\n\t                    \t<span class=\"icon\"><i class=\"ti-ruler-alt\"><\/i><\/span>\r\n\t                        <h5>\u8bbe\u8ba1\u7814\u7a76\u90e8<\/h5>\r\n\t                        <ul><li>\u4e13\u5c5e\u5b9a\u5236<\/li><li>2D\u4e0e3D\u8bbe\u8ba1<\/li><li>\u7814\u7a76\u65b9\u6848<\/li><li>\u7ed3\u6784\u5b89\u5168\u8ba4\u8bc1\u62a5\u544a<\/li><li>\u9879\u76ee\u7ba1\u7406<\/li><\/ul>\t                    <\/div>\r\n\t                <\/div>\r\n\t            \t\t            \t \r\n\t\t\t\t\t\t                <div class=\"col-md-4\">\r\n\t                    <div class=\"item active mb-30 animate-box\" data-animate-effect=\"fadeInLeft\"> \r\n\t                    \t<span class=\"icon\"><i class=\"ti-ruler-alt-2\"><\/i><\/span>\r\n\t                        <h5>\u751f\u4ea7\u4e0e\u5236\u4f5c<\/h5>\r\n\t                        <ul><li>\u73b0\u4ee3\u5316\u6570\u63a7<\/li><li>\u4f20\u7edf\u624b\u5de5\u5236\u4f5c<\/li><li>\u642d\u5efa\u4e0e\u64a4\u5c55<\/li><li>\u5b9a\u5236\u73bb\u7483<\/li><li>\u5b9a\u5236\u55b7\u6d82<\/li><li>\u5b9a\u5236\u55b7\u7ed8<\/li><li>\u6728\u827a<\/li><li>\u94c1\u827a<\/li><\/ul>\t                    <\/div>\r\n\t                <\/div>\r\n\t            \t\t            \t \r\n\t\t\t\t\t\t                <div class=\"col-md-4 mb-30\">\r\n\t                    <div class=\"item animate-box\" data-animate-effect=\"fadeInLeft\"> \r\n\t                    \t<span class=\"icon\"><i class=\"ti-ruler-pencil\"><\/i><\/span>\r\n\t                        <h5>\u66f4\u591a\u7684\u670d\u52a1<\/h5>\r\n\t                        <ul><li>\u8fd0\u8f93<\/li><li>\u79df\u8d41<\/li><li>\u4ed3\u50a8<\/li><li>\u8fdb\u51fa\u53e3<\/li><\/ul>\t                    <\/div>\r\n\t                <\/div>\r\n\t            \t\t            \t\t            <\/div>\r\n\t        <\/div>\r\n\t    <\/div>\r\n\t\t\t\t\t<\/div>\n\t\t\t\t<\/div>\n\t\t\t\t<\/div>\n\t\t\t\t<\/div>\n\t\t<div class=\"elementor-element elementor-element-fe8af4e e-grid e-con-boxed e-con e-parent\" data-id=\"fe8af4e\" data-element_type=\"container\">\n\t\t\t\t\t<div class=\"e-con-inner\">\n\t\t\t\t<div class=\"elementor-element elementor-element-232f761 elementor-widget elementor-widget-image\" data-id=\"232f761\" data-element_type=\"widget\" data-widget_type=\"image.default\">\n\t\t\t\t<div class=\"elementor-widget-container\">\n\t\t\t\t\t\t\t\t\t\t\t\t\t\t\t<img fetchpriority=\"high\" decoding=\"async\" width=\"900\" height=\"900\" src=\"https:\/\/viva-expo.com\/wp-content\/uploads\/2025\/04\/3-2.jpg\" class=\"attachment-large size-large wp-image-3815\" alt=\"\" srcset=\"https:\/\/viva-expo.com\/wp-content\/uploads\/2025\/04\/3-2.jpg 1024w, https:\/\/viva-expo.com\/wp-content\/uploads\/2025\/04\/3-2-300x300.jpg 300w, https:\/\/viva-expo.com\/wp-content\/uploads\/2025\/04\/3-2-150x150.jpg 150w, https:\/\/viva-expo.com\/wp-content\/uploads\/2025\/04\/3-2-768x768.jpg 768w, https:\/\/viva-expo.com\/wp-content\/uploads\/2025\/04\/3-2-12x12.jpg 12w\" sizes=\"(max-width: 900px) 100vw, 900px\" \/>\t\t\t\t\t\t\t\t\t\t\t\t\t\t\t<\/div>\n\t\t\t\t<\/div>\n\t\t\t\t<div class=\"elementor-element elementor-element-0187ecc elementor-widget elementor-widget-image\" data-id=\"0187ecc\" data-element_type=\"widget\" data-widget_type=\"image.default\">\n\t\t\t\t<div class=\"elementor-widget-container\">\n\t\t\t\t\t\t\t\t\t\t\t\t\t\t\t<img decoding=\"async\" width=\"900\" height=\"900\" src=\"https:\/\/viva-expo.com\/wp-content\/uploads\/2025\/04\/4-2.jpg\" class=\"attachment-large size-large wp-image-3814\" alt=\"\" srcset=\"https:\/\/viva-expo.com\/wp-content\/uploads\/2025\/04\/4-2.jpg 1024w, https:\/\/viva-expo.com\/wp-content\/uploads\/2025\/04\/4-2-300x300.jpg 300w, https:\/\/viva-expo.com\/wp-content\/uploads\/2025\/04\/4-2-150x150.jpg 150w, https:\/\/viva-expo.com\/wp-content\/uploads\/2025\/04\/4-2-768x768.jpg 768w, https:\/\/viva-expo.com\/wp-content\/uploads\/2025\/04\/4-2-12x12.jpg 12w\" sizes=\"(max-width: 900px) 100vw, 900px\" \/>\t\t\t\t\t\t\t\t\t\t\t\t\t\t\t<\/div>\n\t\t\t\t<\/div>\n\t\t\t\t<div class=\"elementor-element elementor-element-9fbca3b elementor-widget elementor-widget-image\" data-id=\"9fbca3b\" data-element_type=\"widget\" data-widget_type=\"image.default\">\n\t\t\t\t<div class=\"elementor-widget-container\">\n\t\t\t\t\t\t\t\t\t\t\t\t\t\t\t<img decoding=\"async\" width=\"900\" height=\"900\" src=\"https:\/\/viva-expo.com\/wp-content\/uploads\/2025\/04\/1-3.jpg\" class=\"attachment-large size-large wp-image-3817\" alt=\"\" srcset=\"https:\/\/viva-expo.com\/wp-content\/uploads\/2025\/04\/1-3.jpg 1024w, https:\/\/viva-expo.com\/wp-content\/uploads\/2025\/04\/1-3-300x300.jpg 300w, https:\/\/viva-expo.com\/wp-content\/uploads\/2025\/04\/1-3-150x150.jpg 150w, https:\/\/viva-expo.com\/wp-content\/uploads\/2025\/04\/1-3-768x768.jpg 768w, https:\/\/viva-expo.com\/wp-content\/uploads\/2025\/04\/1-3-12x12.jpg 12w\" sizes=\"(max-width: 900px) 100vw, 900px\" \/>\t\t\t\t\t\t\t\t\t\t\t\t\t\t\t<\/div>\n\t\t\t\t<\/div>\n\t\t\t\t<div class=\"elementor-element elementor-element-13deba9 elementor-widget elementor-widget-image\" data-id=\"13deba9\" data-element_type=\"widget\" data-widget_type=\"image.default\">\n\t\t\t\t<div class=\"elementor-widget-container\">\n\t\t\t\t\t\t\t\t\t\t\t\t\t\t\t<img loading=\"lazy\" decoding=\"async\" width=\"900\" height=\"900\" src=\"https:\/\/viva-expo.com\/wp-content\/uploads\/2025\/04\/2-2.jpg\" class=\"attachment-large size-large wp-image-3816\" alt=\"\" srcset=\"https:\/\/viva-expo.com\/wp-content\/uploads\/2025\/04\/2-2.jpg 1024w, https:\/\/viva-expo.com\/wp-content\/uploads\/2025\/04\/2-2-300x300.jpg 300w, https:\/\/viva-expo.com\/wp-content\/uploads\/2025\/04\/2-2-150x150.jpg 150w, https:\/\/viva-expo.com\/wp-content\/uploads\/2025\/04\/2-2-768x768.jpg 768w, https:\/\/viva-expo.com\/wp-content\/uploads\/2025\/04\/2-2-12x12.jpg 12w\" sizes=\"(max-width: 900px) 100vw, 900px\" \/>\t\t\t\t\t\t\t\t\t\t\t\t\t\t\t<\/div>\n\t\t\t\t<\/div>\n\t\t\t\t\t<\/div>\n\t\t\t\t<\/div>\n\t\t\t\t<\/div>","protected":false},"excerpt":{"rendered":"<p>Services Viva expo Nous vous offrons un service complet et fiable. Nous vous offrons des services complets, fiables et cl\u00e9s en main.Nous sommes une entreprise sp\u00e9cialis\u00e9e dans l\u2019organisation de salons et d\u2019expositions. Nous offrons un service complet, allant de la conception \u00e0 la r\u00e9alisation, incluant la production, le transport, le montage, le\u00a0 d\u00e9montage, la gestion [&hellip;]<\/p>","protected":false},"author":1,"featured_media":0,"parent":0,"menu_order":0,"comment_status":"closed","ping_status":"closed","template":"page-templates\/home-light.php","meta":{"inline_featured_image":false,"_monsterinsights_skip_tracking":false,"_monsterinsights_sitenote_active":false,"_monsterinsights_sitenote_note":"","_monsterinsights_sitenote_category":0,"footnotes":""},"class_list":["post-37","page","type-page","status-publish","hentry"],"_links":{"self":[{"href":"https:\/\/viva-expo.com\/%e4%b8%ad%e6%96%87\/wp-json\/wp\/v2\/pages\/37","targetHints":{"allow":["GET"]}}],"collection":[{"href":"https:\/\/viva-expo.com\/%e4%b8%ad%e6%96%87\/wp-json\/wp\/v2\/pages"}],"about":[{"href":"https:\/\/viva-expo.com\/%e4%b8%ad%e6%96%87\/wp-json\/wp\/v2\/types\/page"}],"author":[{"embeddable":true,"href":"https:\/\/viva-expo.com\/%e4%b8%ad%e6%96%87\/wp-json\/wp\/v2\/users\/1"}],"replies":[{"embeddable":true,"href":"https:\/\/viva-expo.com\/%e4%b8%ad%e6%96%87\/wp-json\/wp\/v2\/comments?post=37"}],"version-history":[{"count":72,"href":"https:\/\/viva-expo.com\/%e4%b8%ad%e6%96%87\/wp-json\/wp\/v2\/pages\/37\/revisions"}],"predecessor-version":[{"id":3828,"href":"https:\/\/viva-expo.com\/%e4%b8%ad%e6%96%87\/wp-json\/wp\/v2\/pages\/37\/revisions\/3828"}],"wp:attachment":[{"href":"https:\/\/viva-expo.com\/%e4%b8%ad%e6%96%87\/wp-json\/wp\/v2\/media?parent=37"}],"curies":[{"name":"wp","href":"https:\/\/api.w.org\/{rel}","templated":true}]}}