{"id":39,"date":"2021-04-05T03:48:59","date_gmt":"2021-04-05T03:48:59","guid":{"rendered":"https:\/\/shtheme.org\/demosd\/arcprime\/?page_id=39"},"modified":"2025-06-02T15:21:41","modified_gmt":"2025-06-02T15:21:41","slug":"projects","status":"publish","type":"page","link":"https:\/\/viva-expo.com\/%e4%b8%ad%e6%96%87\/projects\/","title":{"rendered":"Projects"},"content":{"rendered":"<div data-elementor-type=\"wp-page\" data-elementor-id=\"39\" class=\"elementor elementor-39\" data-elementor-post-type=\"page\">\n\t\t\t\t<div class=\"elementor-element elementor-element-bd1831d e-con-full e-flex e-con e-parent\" data-id=\"bd1831d\" data-element_type=\"container\">\n\t\t<div class=\"elementor-element elementor-element-358d2df e-con-full e-flex e-con e-child\" data-id=\"358d2df\" data-element_type=\"container\">\n\t\t\t\t<div class=\"elementor-element elementor-element-d729fab elementor-align-left elementor-widget elementor-widget-bdevs-banner\" data-id=\"d729fab\" data-element_type=\"widget\" data-settings=\"{&quot;motion_fx_motion_fx_scrolling&quot;:&quot;yes&quot;,&quot;motion_fx_motion_fx_mouse&quot;:&quot;yes&quot;,&quot;_animation_mobile&quot;:&quot;none&quot;,&quot;motion_fx_devices&quot;:[&quot;desktop&quot;,&quot;tablet&quot;,&quot;mobile&quot;]}\" data-widget_type=\"bdevs-banner.default\">\n\t\t\t\t<div class=\"elementor-widget-container\">\n\t\t\t\t\t\t\t<!-- Banner Title -->\n\t    <div class=\"ready banner-padding bg-img\" data-overlay-dark=\"0\" data-background=\"https:\/\/viva-expo.com\/wp-content\/uploads\/2025\/04\/12-1-e1744295019566.jpg\">\n\t        <div class=\"container\">\n\t            <div class=\"row\">\n\t                <div class=\"col-md-12\">\n\t                    <div class=\"text-center\">\n\t                        <div class=\"title animate-box\" data-animate-effect=\"fadeInUp\">\n\t                            <h1>\u6848\u4f8b<\/h1>\n\t                        <\/div>\n\t                    <\/div>\n\t                <\/div>\n\t            <\/div>\n\t        <\/div>\n\t    <\/div>\n\t\t\t\t\t<\/div>\n\t\t\t\t<\/div>\n\t\t\t\t<\/div>\n\t\t\t\t<\/div>\n\t\t<div class=\"elementor-element elementor-element-ffb4663 e-con-full e-flex e-con e-parent\" data-id=\"ffb4663\" data-element_type=\"container\">\n\t\t<div class=\"elementor-element elementor-element-d9ae5be e-con-full e-flex e-con e-child\" data-id=\"d9ae5be\" data-element_type=\"container\">\n\t\t\t\t<div class=\"elementor-element elementor-element-0ffdce5 elementor-widget__width-inherit elementor-align-left elementor-widget elementor-widget-bdevs-project\" data-id=\"0ffdce5\" data-element_type=\"widget\" data-settings=\"{&quot;_animation&quot;:&quot;none&quot;}\" data-widget_type=\"bdevs-project.default\">\n\t\t\t\t<div class=\"elementor-widget-container\">\n\t\t\t\t\t\t   \t<div class=\"section-padding\">\n\t        <div class=\"container\">\n\t            <div class=\"row\">\n\t                <div class=\"col-md-3 mb-30 animate-box\" data-animate-effect=\"fadeInLeft\">\n\t                    \t                    <span>\u5168\u7403\u54c1\u724c\u4e4b\u9009<\/span>\n\t                \t\t                    \t                    <h2>\u643a\u624b\u5353\u8d8a\uff5c\u4ef7\u503c\u5171\u751f<\/h2>\n\t                    \t                <\/div>\n\t            <\/div>\n\t            \t            <div class=\"row\">\n\t                <div class=\"col-md-12\">\n\t                    <div class=\"row\">\n\t                       <div class=\"col-md-2\"> <span class=\"line-one\"><\/span> <\/div>\n\t                        <div class=\"col-md-8 mb-30\">\n\t                            <p class=\"translation-block\" data-start=\"45\" data-end=\"343\">\u5ba2\u6237\u76db\u8d5e\u6211\u4eec\u7684\u5168\u751f\u6001\u670d\u52a1\u94fe\u4e0e\u5353\u8d8a\u54c1\u8d28\u3002\u51ed\u501f\u8986\u76d6\u6b27\u6d32\u591a\u56fd\u7684\u4e13\u4e1a\u5b9e\u529b\uff0c\u8d62\u5f97\u8de8\u56fd\u5ba2\u6237\u7684\u4e00\u81f4\u8d5e\u8a89\u3002<\/p><p class=\"translation-block\" data-start=\"45\" data-end=\"343\">\u57fa\u4e8e\u591a\u5e74\u79ef\u7d2f\u7684\u4e13\u4e1a\u7ecf\u9a8c\uff0c\u6211\u4eec\u5236\u5b9a\u4e86\u9ad8\u6548\u6218\u7565\uff0c\u786e\u4fdd\u5728\u6b27\u6d32\u4efb\u4f55\u56fd\u5bb6\u6216\u5730\u533a\u90fd\u80fd\u6210\u529f\u5b9e\u65bd\u9879\u76ee\u3002<\/p><p class=\"translation-block\" data-start=\"45\" data-end=\"343\">\u6df1\u8015\u6b27\u6d32\u5e02\u573a\u591a\u5e74\uff0c\u6211\u4eec\u6784\u5efa\u4e86\u8986\u76d6\u5168\u6b27\u7684\u6218\u7565\u5408\u4f5c\u4f19\u4f34\u751f\u6001\uff0c\u4e3a\u5ba2\u6237\u63d0\u4f9b\u65e0\u56fd\u754c\u7684\u5353\u8d8a\u670d\u52a1\u4f53\u9a8c\u3002<\/p>\t                        <\/div>\n\t                    <\/div>\n\t                <\/div>\n\t            <\/div>\n\t            \t            <div class=\"row text-center\">\n\t                <ul class=\"arcprime-project-filter\">\n\t                    <li class=\"active\" data-filter=\"*\">All<\/li>\n\t                    \t                    <li data-filter=\".portfolio\">\u6848\u4f8b<\/li>\n\t                    \t                <\/ul>\n\t            <\/div>\n\t            <div class=\"row arcprime-project-items\">\n\t            \t\t                <div class=\"col-md-6 single-item portfolio\">\n\t                    <div class=\"arcprime-project-wrap\"> \n\t                       <a href=\"https:\/\/viva-expo.com\/%e4%b8%ad%e6%96%87\/project\/tmall\/\"><img decoding=\"async\" src=\"https:\/\/viva-expo.com\/wp-content\/uploads\/2017\/06\/9.jpg\" alt=\"\"><\/a>\n\t                        <div class=\"arcprime-project-content\">\n\t                            <p>\u6ce2\u5c14\u591a\u56fd\u9645\u8461\u8404\u9152\u53ca\u70c8\u9152\u5c55\u89c8\u4f1a<\/p>\n\t                            <h3><a href=\"https:\/\/viva-expo.com\/%e4%b8%ad%e6%96%87\/project\/tmall\/\">\u5929\u732b<\/a><\/h3>\n\t                            <a href=\"https:\/\/viva-expo.com\/%e4%b8%ad%e6%96%87\/project\/tmall\/\" class=\"arcprime-project-link\"><\/a>\n\t                        <\/div>\n\t                    <\/div>\n\t                <\/div>\n\t                \t                <div class=\"col-md-6 single-item portfolio\">\n\t                    <div class=\"arcprime-project-wrap\"> \n\t                       <a href=\"https:\/\/viva-expo.com\/%e4%b8%ad%e6%96%87\/project\/jd-com\/\"><img decoding=\"async\" src=\"https:\/\/viva-expo.com\/wp-content\/uploads\/2018\/09\/8.jpg\" alt=\"\"><\/a>\n\t                        <div class=\"arcprime-project-content\">\n\t                            <p>\u5df4\u9ece\u7535\u5b50\u5546\u52a1\u5c55<\/p>\n\t                            <h3><a href=\"https:\/\/viva-expo.com\/%e4%b8%ad%e6%96%87\/project\/jd-com\/\">\u4eac\u4e1c<\/a><\/h3>\n\t                            <a href=\"https:\/\/viva-expo.com\/%e4%b8%ad%e6%96%87\/project\/jd-com\/\" class=\"arcprime-project-link\"><\/a>\n\t                        <\/div>\n\t                    <\/div>\n\t                <\/div>\n\t                \t                <div class=\"col-md-6 single-item portfolio\">\n\t                    <div class=\"arcprime-project-wrap\"> \n\t                       <a href=\"https:\/\/viva-expo.com\/%e4%b8%ad%e6%96%87\/project\/tik-tok\/\"><img decoding=\"async\" src=\"https:\/\/viva-expo.com\/wp-content\/uploads\/2019\/06\/7.jpg\" alt=\"\"><\/a>\n\t                        <div class=\"arcprime-project-content\">\n\t                            <p>\u621b\u7eb3\u56fd\u9645\u521b\u610f\u8282<\/p>\n\t                            <h3><a href=\"https:\/\/viva-expo.com\/%e4%b8%ad%e6%96%87\/project\/tik-tok\/\">\u6296\u97f3<\/a><\/h3>\n\t                            <a href=\"https:\/\/viva-expo.com\/%e4%b8%ad%e6%96%87\/project\/tik-tok\/\" class=\"arcprime-project-link\"><\/a>\n\t                        <\/div>\n\t                    <\/div>\n\t                <\/div>\n\t                \t                <div class=\"col-md-6 single-item portfolio\">\n\t                    <div class=\"arcprime-project-wrap\"> \n\t                       <a href=\"https:\/\/viva-expo.com\/%e4%b8%ad%e6%96%87\/project\/forthing\/\"><img decoding=\"async\" src=\"https:\/\/viva-expo.com\/wp-content\/uploads\/2024\/10\/1.jpg\" alt=\"\"><\/a>\n\t                        <div class=\"arcprime-project-content\">\n\t                            <p>\u6cd5\u56fd\u5df4\u9ece\u8f66\u5c552024<\/p>\n\t                            <h3><a href=\"https:\/\/viva-expo.com\/%e4%b8%ad%e6%96%87\/project\/forthing\/\">\u4e1c\u98ce\u98ce\u884c<\/a><\/h3>\n\t                            <a href=\"https:\/\/viva-expo.com\/%e4%b8%ad%e6%96%87\/project\/forthing\/\" class=\"arcprime-project-link\"><\/a>\n\t                        <\/div>\n\t                    <\/div>\n\t                <\/div>\n\t                \t                <div class=\"col-md-6 single-item portfolio\">\n\t                    <div class=\"arcprime-project-wrap\"> \n\t                       <a href=\"https:\/\/viva-expo.com\/%e4%b8%ad%e6%96%87\/project\/alipayberlin\/\"><img decoding=\"async\" src=\"https:\/\/viva-expo.com\/wp-content\/uploads\/2024\/06\/6.jpg\" alt=\"\"><\/a>\n\t                        <div class=\"arcprime-project-content\">\n\t                            <p>\u6b27\u6d32\u8db3\u7403\u9526\u6807\u8d5b<\/p>\n\t                            <h3><a href=\"https:\/\/viva-expo.com\/%e4%b8%ad%e6%96%87\/project\/alipayberlin\/\">\u652f\u4ed8\u5b9d<\/a><\/h3>\n\t                            <a href=\"https:\/\/viva-expo.com\/%e4%b8%ad%e6%96%87\/project\/alipayberlin\/\" class=\"arcprime-project-link\"><\/a>\n\t                        <\/div>\n\t                    <\/div>\n\t                <\/div>\n\t                \t                <div class=\"col-md-6 single-item portfolio\">\n\t                    <div class=\"arcprime-project-wrap\"> \n\t                       <a href=\"https:\/\/viva-expo.com\/%e4%b8%ad%e6%96%87\/project\/maison-de-la-chine\/\"><img decoding=\"async\" src=\"https:\/\/viva-expo.com\/wp-content\/uploads\/2024\/07\/2.jpg\" alt=\"\"><\/a>\n\t                        <div class=\"arcprime-project-content\">\n\t                            <p>\u6cd5\u56fd\u5df4\u9ece\u5965\u8fd0\u4f1a-2024<\/p>\n\t                            <h3><a href=\"https:\/\/viva-expo.com\/%e4%b8%ad%e6%96%87\/project\/maison-de-la-chine\/\">\u4e2d\u56fd\u4e4b\u5bb6<\/a><\/h3>\n\t                            <a href=\"https:\/\/viva-expo.com\/%e4%b8%ad%e6%96%87\/project\/maison-de-la-chine\/\" class=\"arcprime-project-link\"><\/a>\n\t                        <\/div>\n\t                    <\/div>\n\t                <\/div>\n\t                \t                <div class=\"col-md-6 single-item portfolio\">\n\t                    <div class=\"arcprime-project-wrap\"> \n\t                       <a href=\"https:\/\/viva-expo.com\/%e4%b8%ad%e6%96%87\/project\/luzhou-laojiao\/\"><img decoding=\"async\" src=\"https:\/\/viva-expo.com\/wp-content\/uploads\/2024\/07\/3.jpg\" alt=\"\"><\/a>\n\t                        <div class=\"arcprime-project-content\">\n\t                            <p>\u6cd5\u56fd\u5df4\u9ece\u5965\u8fd0\u4f1a-2024<\/p>\n\t                            <h3><a href=\"https:\/\/viva-expo.com\/%e4%b8%ad%e6%96%87\/project\/luzhou-laojiao\/\">\u6cf8\u5dde\u8001\u7a96<\/a><\/h3>\n\t                            <a href=\"https:\/\/viva-expo.com\/%e4%b8%ad%e6%96%87\/project\/luzhou-laojiao\/\" class=\"arcprime-project-link\"><\/a>\n\t                        <\/div>\n\t                    <\/div>\n\t                <\/div>\n\t                \t                <div class=\"col-md-6 single-item portfolio\">\n\t                    <div class=\"arcprime-project-wrap\"> \n\t                       <a href=\"https:\/\/viva-expo.com\/%e4%b8%ad%e6%96%87\/project\/zhengzhou-luxembourg\/\"><img decoding=\"async\" src=\"https:\/\/viva-expo.com\/wp-content\/uploads\/2024\/06\/5.jpg\" alt=\"\"><\/a>\n\t                        <div class=\"arcprime-project-content\">\n\t                            <p>\u7a7a\u4e2d\u4e1d\u7ef8\u4e4b\u8def-\u56fd\u9645\u5408\u4f5c\u8bba\u575b<\/p>\n\t                            <h3><a href=\"https:\/\/viva-expo.com\/%e4%b8%ad%e6%96%87\/project\/zhengzhou-luxembourg\/\">\u90d1\u5dde-\u5362\u68ee\u5821<\/a><\/h3>\n\t                            <a href=\"https:\/\/viva-expo.com\/%e4%b8%ad%e6%96%87\/project\/zhengzhou-luxembourg\/\" class=\"arcprime-project-link\"><\/a>\n\t                        <\/div>\n\t                    <\/div>\n\t                <\/div>\n\t                \t                <div class=\"col-md-6 single-item portfolio\">\n\t                    <div class=\"arcprime-project-wrap\"> \n\t                       <a href=\"https:\/\/viva-expo.com\/%e4%b8%ad%e6%96%87\/project\/taishan-podium\/\"><img decoding=\"async\" src=\"https:\/\/viva-expo.com\/wp-content\/uploads\/2024\/08\/4.jpg\" alt=\"\"><\/a>\n\t                        <div class=\"arcprime-project-content\">\n\t                            <p>\u6cd5\u56fd\u5df4\u9ece\u5965\u8fd0\u4f1a-2024<\/p>\n\t                            <h3><a href=\"https:\/\/viva-expo.com\/%e4%b8%ad%e6%96%87\/project\/taishan-podium\/\">\u6cf0\u5c71\u4f53\u80b2<\/a><\/h3>\n\t                            <a href=\"https:\/\/viva-expo.com\/%e4%b8%ad%e6%96%87\/project\/taishan-podium\/\" class=\"arcprime-project-link\"><\/a>\n\t                        <\/div>\n\t                    <\/div>\n\t                <\/div>\n\t                \t                <div class=\"col-md-6 single-item portfolio\">\n\t                    <div class=\"arcprime-project-wrap\"> \n\t                       <a href=\"https:\/\/viva-expo.com\/%e4%b8%ad%e6%96%87\/project\/tencent\/\"><img decoding=\"async\" src=\"https:\/\/viva-expo.com\/wp-content\/uploads\/2019\/12\/10.jpg\" alt=\"\"><\/a>\n\t                        <div class=\"arcprime-project-content\">\n\t                            <p>\u6cd5\u56fd\u5df4\u9ece\u5965\u8fd0\u4f1a-2024<\/p>\n\t                            <h3><a href=\"https:\/\/viva-expo.com\/%e4%b8%ad%e6%96%87\/project\/tencent\/\">\u817e\u8baf<\/a><\/h3>\n\t                            <a href=\"https:\/\/viva-expo.com\/%e4%b8%ad%e6%96%87\/project\/tencent\/\" class=\"arcprime-project-link\"><\/a>\n\t                        <\/div>\n\t                    <\/div>\n\t                <\/div>\n\t                \t            <\/div>\n\t            \n\t        <\/div>\n\t    <\/div>\n\n\t\t\t\t\t<\/div>\n\t\t\t\t<\/div>\n\t\t\t\t<\/div>\n\t\t\t\t<\/div>\n\t\t\t\t<\/div>","protected":false},"excerpt":{"rendered":"<p>Portfolio D\u00e9couvrir Tous les projets que nous avons r\u00e9alis\u00e9s Les clients pour lesquels nous avons r\u00e9alis\u00e9 des projets ont exprim\u00e9 une grande satisfaction \u00e0 la qualit\u00e9 et \u00e0 la compl\u00e9tude de nos services.Notre savoir-faire s\u2019\u00e9tend \u00e0 travers l\u2019Europe, dans de nombreuses r\u00e9gions et pays, ce qui refl\u00e8te notre v\u00e9ritable avantage sur le march\u00e9 europ\u00e9en.Gr\u00e2ce \u00e0 [&hellip;]<\/p>","protected":false},"author":1,"featured_media":0,"parent":0,"menu_order":0,"comment_status":"closed","ping_status":"closed","template":"page-templates\/home-light.php","meta":{"inline_featured_image":false,"_monsterinsights_skip_tracking":false,"_monsterinsights_sitenote_active":false,"_monsterinsights_sitenote_note":"","_monsterinsights_sitenote_category":0,"footnotes":""},"class_list":["post-39","page","type-page","status-publish","hentry"],"_links":{"self":[{"href":"https:\/\/viva-expo.com\/%e4%b8%ad%e6%96%87\/wp-json\/wp\/v2\/pages\/39","targetHints":{"allow":["GET"]}}],"collection":[{"href":"https:\/\/viva-expo.com\/%e4%b8%ad%e6%96%87\/wp-json\/wp\/v2\/pages"}],"about":[{"href":"https:\/\/viva-expo.com\/%e4%b8%ad%e6%96%87\/wp-json\/wp\/v2\/types\/page"}],"author":[{"embeddable":true,"href":"https:\/\/viva-expo.com\/%e4%b8%ad%e6%96%87\/wp-json\/wp\/v2\/users\/1"}],"replies":[{"embeddable":true,"href":"https:\/\/viva-expo.com\/%e4%b8%ad%e6%96%87\/wp-json\/wp\/v2\/comments?post=39"}],"version-history":[{"count":108,"href":"https:\/\/viva-expo.com\/%e4%b8%ad%e6%96%87\/wp-json\/wp\/v2\/pages\/39\/revisions"}],"predecessor-version":[{"id":3892,"href":"https:\/\/viva-expo.com\/%e4%b8%ad%e6%96%87\/wp-json\/wp\/v2\/pages\/39\/revisions\/3892"}],"wp:attachment":[{"href":"https:\/\/viva-expo.com\/%e4%b8%ad%e6%96%87\/wp-json\/wp\/v2\/media?parent=39"}],"curies":[{"name":"wp","href":"https:\/\/api.w.org\/{rel}","templated":true}]}}